{"id":394,"date":"2022-11-02T02:50:20","date_gmt":"2022-11-02T02:50:20","guid":{"rendered":"https:\/\/apphbm.ca\/?page_id=394"},"modified":"2023-10-05T14:52:20","modified_gmt":"2023-10-05T14:52:20","slug":"videos","status":"publish","type":"page","link":"https:\/\/apphbm.ca\/en\/videos\/","title":{"rendered":"Videos"},"content":{"rendered":"<p>The videos about APPHBM are available in French only. Thanks for your comprehension.<\/p>\n<h3>Vid\u00e9o 1: Introduction \u00e0 l&#8217;APPHBM<\/h3>\n<div style=\"width: 640px;\" class=\"wp-video\"><video class=\"wp-video-shortcode\" id=\"video-394-8\" width=\"640\" height=\"360\" preload=\"metadata\" controls=\"controls\"><source type=\"video\/mp4\" src=\"http:\/\/apphbm.ca\/wp-content\/uploads\/2022\/11\/APPHBM_1-5.mp4?_=8\" \/><a href=\"http:\/\/apphbm.ca\/wp-content\/uploads\/2022\/11\/APPHBM_1-5.mp4\">http:\/\/apphbm.ca\/wp-content\/uploads\/2022\/11\/APPHBM_1-5.mp4<\/a><\/video><\/div>\n<hr \/>\n<h3>Vid\u00e9o 2: La cl\u00e9 des debrouillards<\/h3>\n<div style=\"width: 640px;\" class=\"wp-video\"><video class=\"wp-video-shortcode\" id=\"video-394-9\" width=\"640\" height=\"360\" preload=\"metadata\" controls=\"controls\"><source type=\"video\/mp4\" src=\"http:\/\/apphbm.ca\/wp-content\/uploads\/2022\/11\/APPHBM_2-5.mp4?_=9\" \/><a href=\"http:\/\/apphbm.ca\/wp-content\/uploads\/2022\/11\/APPHBM_2-5.mp4\">http:\/\/apphbm.ca\/wp-content\/uploads\/2022\/11\/APPHBM_2-5.mp4<\/a><\/video><\/div>\n<hr \/>\n<h3>Vid\u00e9o 3: L&#8217;accessibilit\u00e9 aux services<\/h3>\n<div style=\"width: 640px;\" class=\"wp-video\"><video class=\"wp-video-shortcode\" id=\"video-394-10\" width=\"640\" height=\"360\" preload=\"metadata\" controls=\"controls\"><source type=\"video\/mp4\" src=\"http:\/\/apphbm.ca\/wp-content\/uploads\/2022\/11\/APPHBM_3-5.mp4?_=10\" \/><a href=\"http:\/\/apphbm.ca\/wp-content\/uploads\/2022\/11\/APPHBM_3-5.mp4\">http:\/\/apphbm.ca\/wp-content\/uploads\/2022\/11\/APPHBM_3-5.mp4<\/a><\/video><\/div>\n<hr \/>\n<h3>Vid\u00e9o 4: Les 40 ans de l&#8217;organisme<\/h3>\n<div style=\"width: 640px;\" class=\"wp-video\"><video class=\"wp-video-shortcode\" id=\"video-394-11\" width=\"640\" height=\"360\" preload=\"metadata\" controls=\"controls\"><source type=\"video\/mp4\" src=\"http:\/\/apphbm.ca\/wp-content\/uploads\/2022\/11\/APPHBM_4-5.mp4?_=11\" \/><a href=\"http:\/\/apphbm.ca\/wp-content\/uploads\/2022\/11\/APPHBM_4-5.mp4\">http:\/\/apphbm.ca\/wp-content\/uploads\/2022\/11\/APPHBM_4-5.mp4<\/a><\/video><\/div>\n<hr \/>\n<h3>Vid\u00e9o 5: Les services et leurs bienfaits<\/h3>\n<div style=\"width: 640px;\" class=\"wp-video\"><video class=\"wp-video-shortcode\" id=\"video-394-12\" width=\"640\" height=\"360\" preload=\"metadata\" controls=\"controls\"><source type=\"video\/mp4\" src=\"http:\/\/apphbm.ca\/wp-content\/uploads\/2022\/11\/APPHBM_5-5.mp4?_=12\" \/><a href=\"http:\/\/apphbm.ca\/wp-content\/uploads\/2022\/11\/APPHBM_5-5.mp4\">http:\/\/apphbm.ca\/wp-content\/uploads\/2022\/11\/APPHBM_5-5.mp4<\/a><\/video><\/div>\n<hr \/>\n<h3>Vid\u00e9o 6: F\u00eate familiale, mai 2023<\/h3>\n<div style=\"width: 640px;\" class=\"wp-video\"><video class=\"wp-video-shortcode\" id=\"video-394-13\" width=\"640\" height=\"360\" preload=\"metadata\" controls=\"controls\"><source type=\"video\/mp4\" src=\"http:\/\/apphbm.ca\/wp-content\/uploads\/2023\/08\/fetefam2023.mp4?_=13\" \/><a href=\"http:\/\/apphbm.ca\/wp-content\/uploads\/2023\/08\/fetefam2023.mp4\">http:\/\/apphbm.ca\/wp-content\/uploads\/2023\/08\/fetefam2023.mp4<\/a><\/video><\/div>\n<p><a name=\"gym23\"><\/a><\/p>\n<hr \/>\n<h3>Vid\u00e9o 7: Activit\u00e9 physique, 2023<\/h3>\n<p><div style=\"width: 640px;\" class=\"wp-video\"><video class=\"wp-video-shortcode\" id=\"video-394-14\" width=\"640\" height=\"360\" preload=\"metadata\" controls=\"controls\"><source type=\"video\/mp4\" src=\"http:\/\/apphbm.ca\/wp-content\/uploads\/2023\/10\/APPHBM_GYM_2023_V1.mp4?_=14\" \/><a href=\"http:\/\/apphbm.ca\/wp-content\/uploads\/2023\/10\/APPHBM_GYM_2023_V1.mp4\">http:\/\/apphbm.ca\/wp-content\/uploads\/2023\/10\/APPHBM_GYM_2023_V1.mp4<\/a><\/video><\/div><\/p>","protected":false},"excerpt":{"rendered":"<p>The videos about APPHBM are available in French only. Thanks for your comprehension. Vid\u00e9o 1: Introduction \u00e0 l&#8217;APPHBM Vid\u00e9o 2: La cl\u00e9 des debrouillards Vid\u00e9o 3: L&#8217;accessibilit\u00e9 aux services Vid\u00e9o 4: Les 40 ans de l&#8217;organisme Vid\u00e9o 5: Les services et leurs bienfaits Vid\u00e9o 6: F\u00eate familiale, mai 2023 Vid\u00e9o 7: Activit\u00e9 physique, 2023<\/p>\n","protected":false},"author":1,"featured_media":0,"parent":0,"menu_order":0,"comment_status":"closed","ping_status":"closed","template":"","meta":{"footnotes":""},"class_list":["post-394","page","type-page","status-publish","hentry","entry"],"jetpack_sharing_enabled":true,"_links":{"self":[{"href":"https:\/\/apphbm.ca\/en\/wp-json\/wp\/v2\/pages\/394","targetHints":{"allow":["GET"]}}],"collection":[{"href":"https:\/\/apphbm.ca\/en\/wp-json\/wp\/v2\/pages"}],"about":[{"href":"https:\/\/apphbm.ca\/en\/wp-json\/wp\/v2\/types\/page"}],"author":[{"embeddable":true,"href":"https:\/\/apphbm.ca\/en\/wp-json\/wp\/v2\/users\/1"}],"replies":[{"embeddable":true,"href":"https:\/\/apphbm.ca\/en\/wp-json\/wp\/v2\/comments?post=394"}],"version-history":[{"count":19,"href":"https:\/\/apphbm.ca\/en\/wp-json\/wp\/v2\/pages\/394\/revisions"}],"predecessor-version":[{"id":621,"href":"https:\/\/apphbm.ca\/en\/wp-json\/wp\/v2\/pages\/394\/revisions\/621"}],"wp:attachment":[{"href":"https:\/\/apphbm.ca\/en\/wp-json\/wp\/v2\/media?parent=394"}],"curies":[{"name":"wp","href":"https:\/\/api.w.org\/{rel}","templated":true}]}}