{"id":16,"date":"2022-01-16T20:44:21","date_gmt":"2022-01-16T20:44:21","guid":{"rendered":"https:\/\/apphbm.ca\/?page_id=16"},"modified":"2025-02-25T18:00:30","modified_gmt":"2025-02-25T18:00:30","slug":"our-activities","status":"publish","type":"page","link":"https:\/\/apphbm.ca\/en\/our-activities\/","title":{"rendered":"Activities"},"content":{"rendered":"<p><a name=\"pro21\"><\/a><\/p>\n<h3>21-Year-Old Program and \/ DayTime Activity<\/h3>\n<h4>La Cl\u00e9 des D\u00e9brouillards<\/h4>\n<p>This program, funded by CIUSSSE-CHUS, offers daytime activities to adult users in order for them to maintain their acquired knowledge skills. Schedule Monday to Thursday, 9 a.m. to 3:30 p.m.<\/p>\n<p>The key to the success of La Cl\u00e9 des D\u00e9brouillards? It&#8217;s about living real life, like everyone else! On the program: a mix of activities and accountability in the activities of daily life (kitchen, grocery store, house keeping). We also focus on physical exercises and relaxation, indoors and outdoors. In addition, we work in a workshop on self-knowledge and other skills, skills development, self-determination, stress and anger management, compliance with regulations and social skills. In short, we will not only pick strawberries but we learn how they are grown, harvested, cooked&#8230; which gives us positive feedback from parents who see the evolution of their children. The activities offered are varied, rewarding, stimulating and our personalized and flexible approach makes everyone happy.<\/p>\n<p>We are also recognized for our involvement in the community and partnership with other community organizations:<\/p>\n<ul>\n<li>Maison des Aidantes et des Aidants de Brome-Missisquoi : who are kind enough to welcome us for activities such as Karaoke, picnic&#8230;<\/li>\n<li>S\u00fbret\u00e9 du Qu\u00e9bec : visit of an agent for the presentation of her profession and to do prevention.<\/li>\n<li>Le Champ de la Voisine to which we offer our help for the cultivation and harvesting of garlic and garlic flowers.<\/li>\n<li>In 2019, we participated in the project \u00ab D\u00e9visage-toi \u00bb created by Gabrielle Charbonneau, created by the Mouvement d&#8217;art positif and Cowansville City. The participants, who were all very proud of them, touched us by their great opportunities.<\/li>\n<li><a href=\"https:\/\/www.youtube.com\/watch?v=HkwwlbPpWiM&amp;feature=youtu.be&amp;fbclid=IwAR2EN0YzBoqbuyygnu67_XFNqbbJLPVLirQdZ1YhkYHMe7OkWgtRQIA0SHc\" target=\"_blank\" rel=\"noopener\">Watch video<\/a>\u00a0MAP D\u00e9visage toi FINAL<\/li>\n<li><a href=\"https:\/\/www.youtube.com\/watch?v=sIlXX6U--2o&amp;feature=youtu.be&amp;fbclid=IwAR1bbjxpgHOlAlj3PhtjztqmP2NQF2mXKC3OfXpwzam2fHs4bx3yWMil_eA\" target=\"_blank\" rel=\"noopener\">Watch video<\/a> Nous sommes les m\u00eames<\/li>\n<li>In early 2020, a very exciting new project by Gabrielle Charbonneau was started: \u00ab Mannequin d\u2019un jour \u00bb. We used the clothes of Cowansville&#8217;s \u00ab L\u2019Atelier de R\u00e9cup \u00bb. Participants were asked to choose clothing styles, pick up the right clothes from the shop and participate in the photo shoot.<\/li>\n<li>Le Sac \u00e0 Mots: with whom participants learn French and math at their own pace. Another activity &#8221; Ma carte et moi&#8221; was really interesting to physically appropriate our neighborhood and our living environment. In 2020, our participants worked at the Bouquinerie, every first Monday of the month. They prepared the notebooks of new participants, arranged the books in alphabetical order, sorted the new arrivals. In 2022 we have a project to create a comic strip.<\/li>\n<li>October 2022: start of a new 6-month health project. Thanks to a grant from Zone Loisir Mont\u00e9r\u00e9gie, our participants were able to train at Gym \u00c9nergie Sud in Cowansville.<\/li>\n<li><a href=\"https:\/\/apphbm.ca\/videos#gym23\">Watch video Gym 2023<\/a><\/li>\n<li>December 2023: food delivered to the Centre d&#8217;action b\u00e9n\u00e9bole in Cowansville. A beautiful note was also given by our participants to underline the exceptional work of these kind-hearted people, who make such a difference in these difficult times.<\/li>\n<\/ul>\n<p>All of these activities allow participants to integrate well into our community, learn, socialize and evolve as individuals.<\/p>\n<h4>Large containment COVID-19<\/h4>\n<p>In order to support our participants and their families during this exceptional time, our special care teachers have developed an innovative project, the presentation capsules of interactive and occupancy activities put on our Facebook platform every week: <a href=\"https:\/\/www.facebook.com\/apphbmdebrouillards\" target=\"_blank\" rel=\"noopener\"><strong>https:\/\/www.facebook.com\/apphbmdebrouillards<\/strong><\/a><\/p>\n<p>We are very proud of our special care teachers who care about the wellbeing of the vulnerable people in our society.<\/p>\n<div style=\"width: 100%; float: right;\"><a style=\"text-align: right;\" href=\"#page\">To the top<\/a><\/div>\n<p><a name=\"adulte\"><\/a><\/p>\n<h3>SATURDAY RESPITE<\/h3>\n<p>Respite is a time of rest granted to natural families + RTF (ressources de type familiale).<\/p>\n<p>The program includes physical, recreational and educational activities, adapted to the aptitudes and needs of each participant. Our aim is to promote personal development and fulfillment on a number of levels: autonomy, personal hygiene, social skills, daily tasks, emotional management, etc.\u00a0 An average of 10 participants attend each week. The daily program includes a group discussion period, relaxation time, physical activity, socialization games, educational activities and various workshops.<\/p>\n<p>From September 2023 and on, we will alternated holding 2 adult respite and 2 youth respite (ages 6 and up) per month.<\/p>\n<p>Our participants are always happy to get together on Saturdays for activities. They build up a fine network of friendships, and develop social and interpersonal skills that will serve them well for the rest of their lives. It&#8217;s a place where they can be themselves and at the same time be &#8220;like everyone else&#8221;.<\/p>\n<div style=\"width: 100%; float: right;\"><a style=\"text-align: right;\" href=\"#page\">To the top<\/a><\/div>\n<p><a name=\"scolaire\"><\/a><\/p>\n<h3>School activities \/ 12-21 years old<\/h3>\n<p>As part of the \u00ab Programme de soutien financier au service de surveillance d\u2019\u00e9l\u00e8ves handicap\u00e9s \u00e2g\u00e9s de 12 \u00e0 21 ans \u00bb the APPHBM has received a grant from the Minist\u00e8re de la Famille since October 2013. Today&#8217;s parents need to be able to work, knowing that their child receives all the attention they need for their safety and development.<\/p>\n<div style=\"width: 100%; float: right;\"><a style=\"text-align: right;\" href=\"#page\">To the top<\/a><\/div>\n<p><a name=\"garde\"><\/a><\/p>\n<h3>After-school day care<\/h3>\n<h4>Monday to Thursday &#8211; 3:45 p.m. to 5:45 p.m.<\/h4>\n<p>Students attending schools in the Brome-Missisquoi area and even Granby can benefit from the service, regardless of their school board. It is possible to use adapted transport.<\/p>\n<div style=\"width: 100%; float: right;\"><a style=\"text-align: right;\" href=\"#page\">Top the top<\/a><\/div>\n<p><a name=\"jourpeda\"><\/a><\/p>\n<h3>Pedagogical days &#8211; Spring Break<\/h3>\n<h4>9 a.m. to 3:30 p.m.<\/h4>\n<p>Our goal is to capture the interest of the children by offering fun activities according to the theme of the season: pumpkin decorating, texture games, finding hidden objects, making decorations and small Christmas gifts, painting on canvas, crafts, making scarves, greeting cards, ball games, board games in groups or individually&#8230;<\/p>\n<p>Special outings are also on the menu : apple picking, mini-farm, trail walking, bowling, swimming pool, restaurant, Motion Parc \u00e9volutif, Granby Zoo&#8230;<\/p>\n<div style=\"width: 100%; float: right;\"><a style=\"text-align: right;\" href=\"#page\">To the top<\/a><\/div>\n<div><\/div>\n<p><a name=\"camp\"><\/a><\/p>\n<h3>The specialized day camp &#8211; summer \/ 12 &#8211; 21 years<\/h3>\n<h4>Monday to Friday &#8211; 9 a.m. to 3:30 p.m.<\/h4>\n<p>It is thanks to grants from Ville de Cowansville, Minist\u00e8re de la Famille and Emploi \u00c9t\u00e9 Canada that we can offer our specialized day camp. Each year there is a theme with various learnings, experiences, physical activities, educational and fun. We go to the beach and the pool when the weather is nice and on Fridays, several outings are planned, for example: Motion Parc Evoluti, Montreal Science Centre, Granby Zoo, Bedford agricultural exhibition&#8230; A BBQ closes the season.<br \/>\nOur camp is therefore a great opportunity for young people to move, learn, grow, make friends, while having a framework adapted to their needs.<br \/>\nIn addition, parents can benefit from a la carte service that allows them to choose the days they need.<\/p>\n<div style=\"width: 100%; float: right;\"><a style=\"text-align: right;\" href=\"#page\">To the top<\/a><\/div>\n<p><a name=\"salle\"><\/a><\/p>\n<h3>Multi-sensory room<\/h3>\n<p>Completely soundproofed, this space immediately invites you to relax. The benefits are many: it strengthens brain connections, promotes concentration, learning, socialization and communication. It prolongs attention spans, tactile, sound and visual tolerance in a non-threatening way. It also helps people respond appropriately to sensory stimulation (self-regulation). To this end, a card is completed to identify the client&#8217;s requirements which are : visual, olfactory, auditory, tactile, proprioceptive and vestibular senses. People can choose what suits them best: a bubble tube with padded base and unbreakable acrylic mirrors, installed under a ceiling where lightness floats; an infinite multi-panel where colors never seem to end; a suspended chair where you can stretch out surrounded by multi-colored fiber optics to manipulate. In addition, a cute little cube placed under a light panel for language stimulation with microphone is accompanied by a multi-effect mirror. With its many possibilities, our participants have access to a calm and peaceful place where they can recharge their batteries.<\/p>\n<p><img loading=\"lazy\" decoding=\"async\" class=\"wp-image-649 aligncenter\" src=\"http:\/\/apphbm.ca\/wp-content\/uploads\/2024\/07\/Salle-ms-300x291.jpg\" alt=\"\" width=\"614\" height=\"596\" srcset=\"https:\/\/apphbm.ca\/wp-content\/uploads\/2024\/07\/Salle-ms-300x291.jpg 300w, https:\/\/apphbm.ca\/wp-content\/uploads\/2024\/07\/Salle-ms-768x744.jpg 768w, https:\/\/apphbm.ca\/wp-content\/uploads\/2024\/07\/Salle-ms.jpg 951w\" sizes=\"auto, (max-width: 614px) 100vw, 614px\" \/><\/p>\n<div style=\"width: 100%; float: right;\"><a style=\"text-align: right;\" href=\"#page\">To the top<\/a><\/div>\n<div><\/div>\n<p><\/p>","protected":false},"excerpt":{"rendered":"<p>21-Year-Old Program and \/ DayTime Activity La Cl\u00e9 des D\u00e9brouillards This program, funded by CIUSSSE-CHUS, offers daytime activities to adult users in order for them to maintain their acquired knowledge skills. Schedule Monday to Thursday, 9 a.m. to 3:30 p.m. The key to the success of La Cl\u00e9 des D\u00e9brouillards? It&#8217;s about living real life, &hellip; <\/p>\n<p class=\"link-more\"><a href=\"https:\/\/apphbm.ca\/en\/our-activities\/\" class=\"more-link\">Continue reading<span class=\"screen-reader-text\"> &#8220;Activities&#8221;<\/span><\/a><\/p>\n","protected":false},"author":1,"featured_media":0,"parent":0,"menu_order":0,"comment_status":"closed","ping_status":"closed","template":"","meta":{"footnotes":""},"class_list":["post-16","page","type-page","status-publish","hentry","entry"],"jetpack_sharing_enabled":true,"_links":{"self":[{"href":"https:\/\/apphbm.ca\/en\/wp-json\/wp\/v2\/pages\/16","targetHints":{"allow":["GET"]}}],"collection":[{"href":"https:\/\/apphbm.ca\/en\/wp-json\/wp\/v2\/pages"}],"about":[{"href":"https:\/\/apphbm.ca\/en\/wp-json\/wp\/v2\/types\/page"}],"author":[{"embeddable":true,"href":"https:\/\/apphbm.ca\/en\/wp-json\/wp\/v2\/users\/1"}],"replies":[{"embeddable":true,"href":"https:\/\/apphbm.ca\/en\/wp-json\/wp\/v2\/comments?post=16"}],"version-history":[{"count":85,"href":"https:\/\/apphbm.ca\/en\/wp-json\/wp\/v2\/pages\/16\/revisions"}],"predecessor-version":[{"id":665,"href":"https:\/\/apphbm.ca\/en\/wp-json\/wp\/v2\/pages\/16\/revisions\/665"}],"wp:attachment":[{"href":"https:\/\/apphbm.ca\/en\/wp-json\/wp\/v2\/media?parent=16"}],"curies":[{"name":"wp","href":"https:\/\/api.w.org\/{rel}","templated":true}]}}